{"id":17439,"date":"2025-11-24T15:00:03","date_gmt":"2025-11-24T15:00:03","guid":{"rendered":"https:\/\/staezn.pt\/?page_id=17439"},"modified":"2025-11-26T14:28:47","modified_gmt":"2025-11-26T14:28:47","slug":"sindicalizacao","status":"publish","type":"page","link":"https:\/\/staezn.pt\/?page_id=17439","title":{"rendered":"Pedido de Sindicaliza\u00e7\u00e3o"},"content":{"rendered":"\t\t<div data-elementor-type=\"wp-page\" data-elementor-id=\"17439\" class=\"elementor elementor-17439\">\n\t\t\t\t<div class=\"elementor-element elementor-element-3f4e26f e-flex e-con-boxed e-con e-parent\" data-id=\"3f4e26f\" data-element_type=\"container\" data-e-type=\"container\">\n\t\t\t\t\t<div class=\"e-con-inner\">\n\t\t<div class=\"elementor-element elementor-element-6c9a44e e-con-full e-flex e-con e-child\" data-id=\"6c9a44e\" data-element_type=\"container\" data-e-type=\"container\">\n\t\t\t\t<div class=\"elementor-element elementor-element-1f8e99b elementor-widget elementor-widget-text-editor\" data-id=\"1f8e99b\" data-element_type=\"widget\" data-e-type=\"widget\" data-widget_type=\"text-editor.default\">\n\t\t\t\t\t\t\t\t\t<ul>\n<li class=\"list-group\">\n<a class=\"list-group-item list-group-item-danger\" href=\"https:\/\/staezn.pt\/wp-content\/uploads\/2025\/11\/fichaSindicalizaStaezn.pdf\" target=\"_blank\" rel=\"noopener\">Descarregue aqui a ficha de sindicaliza\u00e7\u00e3o, preencha e envie para geral@staezn.pt &nbsp;&nbsp;<i class=\"fa fa-file-pdf-o\" aria-hidden=\"true\"><\/i><\/a>\n<\/li>\n<\/ul>\nCaso tenha d\u00favidas, por favor contactar usando o formul\u00e1rio em baixo ou telefonando para o Tel: 22 608 4476\t\t\t\t\t\t\t\t<\/div>\n\t\t\t\t<\/div>\n\t\t\t\t<div class=\"elementor-element elementor-element-6ecb947 elementor-widget elementor-widget-contactform\" data-id=\"6ecb947\" data-element_type=\"widget\" data-e-type=\"widget\" data-widget_type=\"contactform.default\">\n\t\t\t\t<div class=\"elementor-widget-container\">\n\t\t\t\t\t<div class=\"contact-form-wrapperSindicaliza\u00e7\u00e3o cf-default\"><div class=\"contact-form\">\n<div class=\"wpcf7 no-js\" id=\"wpcf7-f6226-o1\" lang=\"en-US\" dir=\"ltr\" data-wpcf7-id=\"6226\">\n<div class=\"screen-reader-response\"><p role=\"status\" aria-live=\"polite\" aria-atomic=\"true\"><\/p> <ul><\/ul><\/div>\n<form action=\"\/index.php?rest_route=%2Fwp%2Fv2%2Fpages%2F17439#wpcf7-f6226-o1\" method=\"post\" class=\"wpcf7-form init\" aria-label=\"Contact form\" novalidate=\"novalidate\" data-status=\"init\">\n<fieldset class=\"hidden-fields-container\"><input type=\"hidden\" name=\"_wpcf7\" value=\"6226\" \/><input type=\"hidden\" name=\"_wpcf7_version\" value=\"6.1.5\" \/><input type=\"hidden\" name=\"_wpcf7_locale\" value=\"en_US\" \/><input type=\"hidden\" name=\"_wpcf7_unit_tag\" value=\"wpcf7-f6226-o1\" \/><input type=\"hidden\" name=\"_wpcf7_container_post\" value=\"0\" \/><input type=\"hidden\" name=\"_wpcf7_posted_data_hash\" value=\"\" \/>\n<\/fieldset>\n<p><span class=\"wpcf7-form-control-wrap\" data-name=\"your-name\"><input size=\"40\" maxlength=\"400\" class=\"wpcf7-form-control wpcf7-text wpcf7-validates-as-required\" aria-required=\"true\" aria-invalid=\"false\" placeholder=\"Nome*\" value=\"\" type=\"text\" name=\"your-name\" \/><\/span><br \/>\n<span class=\"wpcf7-form-control-wrap\" data-name=\"your-email\"><input size=\"40\" maxlength=\"400\" class=\"wpcf7-form-control wpcf7-email wpcf7-validates-as-required wpcf7-text wpcf7-validates-as-email\" aria-required=\"true\" aria-invalid=\"false\" placeholder=\"Email*\" value=\"\" type=\"email\" name=\"your-email\" \/><\/span><br \/>\n<span class=\"wpcf7-form-control-wrap\" data-name=\"yourMobileNumber\"><input size=\"40\" maxlength=\"400\" class=\"wpcf7-form-control wpcf7-tel wpcf7-validates-as-required wpcf7-text wpcf7-validates-as-tel\" aria-required=\"true\" aria-invalid=\"false\" placeholder=\"Telefone*\" value=\"\" type=\"tel\" name=\"yourMobileNumber\" \/><\/span><br \/>\n<span class=\"wpcf7-form-control-wrap\" data-name=\"textarea-183\"><textarea cols=\"40\" rows=\"10\" maxlength=\"2000\" class=\"wpcf7-form-control wpcf7-textarea\" aria-invalid=\"false\" placeholder=\"Mensagem\" name=\"textarea-183\"><\/textarea><\/span><br \/>\n<input class=\"wpcf7-form-control wpcf7-submit has-spinner\" type=\"submit\" value=\"Enviar\" \/>\n<\/p><div class=\"wpcf7-response-output\" aria-hidden=\"true\"><\/div>\n<\/form>\n<\/div>\n<\/div><!-- .contact-form --><\/div><!-- .contact-form-wrapper -->\t\t\t\t<\/div>\n\t\t\t\t<\/div>\n\t\t\t\t\t<\/div>\n\t\t\t\t<\/div>\n\t\t\t\t<\/div>\n\t\t","protected":false},"excerpt":{"rendered":"<p>Descarregue aqui a ficha de sindicaliza\u00e7\u00e3o, preencha e envie para geral@staezn.pt &nbsp;&nbsp; Caso tenha d\u00favidas, por favor contactar usando o formul\u00e1rio em baixo ou telefonando para o Tel: 22 608 4476<\/p>\n","protected":false},"author":1,"featured_media":0,"parent":0,"menu_order":0,"comment_status":"closed","ping_status":"closed","template":"","meta":{"footnotes":""},"class_list":["post-17439","page","type-page","status-publish","hentry"],"_links":{"self":[{"href":"https:\/\/staezn.pt\/index.php?rest_route=\/wp\/v2\/pages\/17439","targetHints":{"allow":["GET"]}}],"collection":[{"href":"https:\/\/staezn.pt\/index.php?rest_route=\/wp\/v2\/pages"}],"about":[{"href":"https:\/\/staezn.pt\/index.php?rest_route=\/wp\/v2\/types\/page"}],"author":[{"embeddable":true,"href":"https:\/\/staezn.pt\/index.php?rest_route=\/wp\/v2\/users\/1"}],"replies":[{"embeddable":true,"href":"https:\/\/staezn.pt\/index.php?rest_route=%2Fwp%2Fv2%2Fcomments&post=17439"}],"version-history":[{"count":29,"href":"https:\/\/staezn.pt\/index.php?rest_route=\/wp\/v2\/pages\/17439\/revisions"}],"predecessor-version":[{"id":17613,"href":"https:\/\/staezn.pt\/index.php?rest_route=\/wp\/v2\/pages\/17439\/revisions\/17613"}],"wp:attachment":[{"href":"https:\/\/staezn.pt\/index.php?rest_route=%2Fwp%2Fv2%2Fmedia&parent=17439"}],"curies":[{"name":"wp","href":"https:\/\/api.w.org\/{rel}","templated":true}]}}