{"id":5163,"date":"2019-04-24T06:35:23","date_gmt":"2019-04-24T06:35:23","guid":{"rendered":"http:\/\/demo.zozothemes.com\/miion\/portfolio-copy-2\/"},"modified":"2026-01-08T11:35:30","modified_gmt":"2026-01-08T11:35:30","slug":"contact","status":"publish","type":"page","link":"https:\/\/staezn.pt\/?page_id=5163","title":{"rendered":"Contactos"},"content":{"rendered":"\t\t<div data-elementor-type=\"wp-post\" data-elementor-id=\"5163\" class=\"elementor elementor-5163\">\n\t\t\t\t\t\t<section class=\"elementor-section elementor-top-section elementor-element elementor-element-a5f6ab8 elementor-section-boxed elementor-section-height-default elementor-section-height-default\" data-id=\"a5f6ab8\" data-element_type=\"section\" data-e-type=\"section\">\n\t\t\t\t\t\t<div class=\"elementor-container elementor-column-gap-default\">\n\t\t\t\t\t<div class=\"elementor-column elementor-col-50 elementor-top-column elementor-element elementor-element-30dd9d8 pr-lg-4\" data-id=\"30dd9d8\" data-element_type=\"column\" data-e-type=\"column\" data-settings=\"{&quot;background_background&quot;:&quot;classic&quot;}\">\n\t\t\t<div class=\"elementor-widget-wrap elementor-element-populated\">\n\t\t\t\t\t\t<div class=\"elementor-element elementor-element-37d0e77 elementor-widget elementor-widget-egovenzsectiontitle\" data-id=\"37d0e77\" data-element_type=\"widget\" data-e-type=\"widget\" data-widget_type=\"egovenzsectiontitle.default\">\n\t\t\t\t<div class=\"elementor-widget-container\">\n\t\t\t\t\t<div class=\"section-title-wrapper\"><div class=\"title-wrap\"><h4 class=\"section-title\">Contactos<\/h4><span class=\"title-separator separator-border theme-color-bg\"><\/span><\/div><!-- .title-wrap --><div class=\"section-description\"><\/div><!-- .section-description --><\/div><!-- .section-title-wrapper -->\t\t\t\t<\/div>\n\t\t\t\t<\/div>\n\t\t\t\t<div class=\"elementor-element elementor-element-3949f49 elementor-widget elementor-widget-egovenzfeaturebox\" data-id=\"3949f49\" data-element_type=\"widget\" data-e-type=\"widget\" data-widget_type=\"egovenzfeaturebox.default\">\n\t\t\t\t<div class=\"elementor-widget-container feature-box-wrapper shortcode-rand-1 egovenz-inline-css\" data-css=\"&quot;.shortcode-rand-1.feature-box-wrapper .feature-box-inner &gt; *:nth-child(1), .shortcode-rand-1.feature-box-wrapper &gt; .media &gt; .media-body &gt; *:nth-child(1) { margin-bottom: 10px; }&quot;\">\r\n\t\t\t<div class=\"media\"><div class=\"media-icon-part\"><div class=\"feature-box-icon\"><span class=\"text-center icon-theme-color squared ti-location-pin\"><\/span><\/div><\/div><div class=\"media-body\"><div class=\"fbox-content\">Rua da Constitui\u00e7\u00e3o n.\u00ba 814 5\u00ba sl28 4200-195 Porto<\/div><\/div><!-- .media-body --><\/div><!-- .media -->\t\t<\/div>\r\n\t\t\t\t<\/div>\n\t\t\t\t<div class=\"elementor-element elementor-element-6296e3c elementor-widget elementor-widget-egovenzfeaturebox\" data-id=\"6296e3c\" data-element_type=\"widget\" data-e-type=\"widget\" data-widget_type=\"egovenzfeaturebox.default\">\n\t\t\t\t<div class=\"elementor-widget-container feature-box-wrapper shortcode-rand-2 egovenz-inline-css\" data-css=\"&quot;.shortcode-rand-2.feature-box-wrapper .feature-box-inner &gt; *:nth-child(1), .shortcode-rand-2.feature-box-wrapper &gt; .media &gt; .media-body &gt; *:nth-child(1) { margin-bottom: 10px; }&quot;\">\r\n\t\t\t<div class=\"media\"><div class=\"media-icon-part\"><div class=\"feature-box-icon\"><span class=\"text-center icon-theme-color squared ti-email\"><\/span><\/div><\/div><div class=\"media-body\"><div class=\"fbox-content\">geral@staezn.pt\n<\/div><\/div><!-- .media-body --><\/div><!-- .media -->\t\t<\/div>\r\n\t\t\t\t<\/div>\n\t\t\t\t<div class=\"elementor-element elementor-element-80633c0 elementor-widget elementor-widget-egovenzfeaturebox\" data-id=\"80633c0\" data-element_type=\"widget\" data-e-type=\"widget\" data-widget_type=\"egovenzfeaturebox.default\">\n\t\t\t\t<div class=\"elementor-widget-container feature-box-wrapper shortcode-rand-3 egovenz-inline-css\" data-css=\"&quot;.shortcode-rand-3.feature-box-wrapper .feature-box-inner &gt; *:nth-child(1), .shortcode-rand-3.feature-box-wrapper &gt; .media &gt; .media-body &gt; *:nth-child(1) { margin-bottom: 10px; }&quot;\">\r\n\t\t\t<div class=\"media\"><div class=\"media-icon-part\"><div class=\"feature-box-icon\"><span class=\"text-center icon-theme-color squared ti-mobile\"><\/span><\/div><\/div><div class=\"media-body\"><div class=\"fbox-content\"><strong>+351 226 084 476<\/strong><\/div><\/div><!-- .media-body --><\/div><!-- .media -->\t\t<\/div>\r\n\t\t\t\t<\/div>\n\t\t\t\t<div class=\"elementor-element elementor-element-0bf7a31 elementor-widget elementor-widget-egovenzfeaturebox\" data-id=\"0bf7a31\" data-element_type=\"widget\" data-e-type=\"widget\" data-widget_type=\"egovenzfeaturebox.default\">\n\t\t\t\t<div class=\"elementor-widget-container feature-box-wrapper shortcode-rand-4 egovenz-inline-css\" data-css=\"&quot;.shortcode-rand-4.feature-box-wrapper .feature-box-inner &gt; *:nth-child(1), .shortcode-rand-4.feature-box-wrapper &gt; .media &gt; .media-body &gt; *:nth-child(1) { margin-bottom: 10px; }&quot;\">\r\n\t\t\t<div class=\"media\"><div class=\"media-icon-part\"><div class=\"feature-box-icon\"><span class=\"text-center icon-theme-color squared ti-facebook\"><\/span><\/div><\/div><div class=\"media-body\"><div class=\"fbox-content\"><a href=\"https:\/\/www.facebook.com\/staaeznstaaezn\/\" target=\"_blank\">staaeznstaaezn<\/a><\/div><\/div><!-- .media-body --><\/div><!-- .media -->\t\t<\/div>\r\n\t\t\t\t<\/div>\n\t\t\t\t<div class=\"elementor-element elementor-element-2aa103f elementor-widget-divider--view-line elementor-widget elementor-widget-divider\" data-id=\"2aa103f\" data-element_type=\"widget\" data-e-type=\"widget\" data-widget_type=\"divider.default\">\n\t\t\t\t\t\t\t<div class=\"elementor-divider\">\n\t\t\t<span class=\"elementor-divider-separator\">\n\t\t\t\t\t\t<\/span>\n\t\t<\/div>\n\t\t\t\t\t\t<\/div>\n\t\t\t\t<div class=\"elementor-element elementor-element-bde7134 elementor-widget elementor-widget-heading\" data-id=\"bde7134\" data-element_type=\"widget\" data-e-type=\"widget\" data-widget_type=\"heading.default\">\n\t\t\t\t\t<h5 class=\"elementor-heading-title elementor-size-default\">Contactos Dirigentes<\/h5>\t\t\t\t<\/div>\n\t\t<div class=\"elementor-element elementor-element-a06a11a e-flex e-con-boxed e-con e-parent\" data-id=\"a06a11a\" data-element_type=\"container\" data-e-type=\"container\">\n\t\t\t\t\t<div class=\"e-con-inner\">\n\t\t\t\t<div class=\"elementor-element elementor-element-7fc7c6e elementor-widget elementor-widget-spacer\" data-id=\"7fc7c6e\" data-element_type=\"widget\" data-e-type=\"widget\" data-widget_type=\"spacer.default\">\n\t\t\t\t\t\t\t<div class=\"elementor-spacer\">\n\t\t\t<div class=\"elementor-spacer-inner\"><\/div>\n\t\t<\/div>\n\t\t\t\t\t\t<\/div>\n\t\t\t\t<div class=\"elementor-element elementor-element-68f378a elementor-widget elementor-widget-text-editor\" data-id=\"68f378a\" data-element_type=\"widget\" data-e-type=\"widget\" data-widget_type=\"text-editor.default\">\n\t\t\t\t\t\t\t\t\t<span class=\"text-center icon-theme-color squared ti-email\"><\/span> susana.venancio@staezn.pt<br>\n<span class=\"text-center icon-theme-color squared ti-mobile\"><\/span> 968399835<br>\n<span class=\"text-center icon-theme-color squared ti-email\"><\/span> paulo.chaves@staezn.pt <br> <span class=\"text-center icon-theme-color squared ti-mobile\"><\/span> 968399823<br>\n<span class=\"text-center icon-theme-color squared ti-email\"><\/span> fernando.ribeiro@staezn.pt <br><span class=\"text-center icon-theme-color squared ti-mobile\"><\/span> 968399745<br>\n<span class=\"text-center icon-theme-color squared ti-email\"><\/span> carla.duarte@staezn.pt<br> <span class=\"text-center icon-theme-color squared ti-mobile\"><\/span> 924058878<br>\n<span class=\"text-center icon-theme-color squared ti-email\"><\/span> paulo.lousada@staezn.pt <br> <span class=\"text-center icon-theme-color squared ti-mobile\"><\/span> 968399827<br>\n<span class=\"text-center icon-theme-color squared ti-email\"><\/span> filomena.tavares@staezn.pt <br> <span class=\"text-center icon-theme-color squared ti-mobile\"><\/span> 966060448<br>\t\t\t\t\t\t\t\t<\/div>\n\t\t\t\t\t<\/div>\n\t\t\t\t<\/div>\n\t\t\t\t<div class=\"elementor-element elementor-element-b280309 elementor-widget elementor-widget-egovenzsociallinks\" data-id=\"b280309\" data-element_type=\"widget\" data-e-type=\"widget\" data-widget_type=\"egovenzsociallinks.default\">\n\t\t\t\t<div class=\"elementor-widget-container\">\n\t\t\t\t\t<div class=\"social-icons-wrapper\"><ul class=\"nav social-icons social-circled social-white social-h-white social-bg-own social-hbg-black\"><\/ul><\/div><!-- .social-icons-wrapper -->\t\t\t\t<\/div>\n\t\t\t\t<\/div>\n\t\t\t\t<div class=\"elementor-element elementor-element-4eaabe5 elementor-widget-divider--view-line elementor-widget elementor-widget-divider\" data-id=\"4eaabe5\" data-element_type=\"widget\" data-e-type=\"widget\" data-widget_type=\"divider.default\">\n\t\t\t\t\t\t\t<div class=\"elementor-divider\">\n\t\t\t<span class=\"elementor-divider-separator\">\n\t\t\t\t\t\t<\/span>\n\t\t<\/div>\n\t\t\t\t\t\t<\/div>\n\t\t\t\t<div class=\"elementor-element elementor-element-90069fd elementor-widget elementor-widget-heading\" data-id=\"90069fd\" data-element_type=\"widget\" data-e-type=\"widget\" data-widget_type=\"heading.default\">\n\t\t\t\t\t<h5 class=\"elementor-heading-title elementor-size-default\">Delega\u00e7\u00e3o de Peso da R\u00e9gua<br><\/h5>\t\t\t\t<\/div>\n\t\t\t\t<div class=\"elementor-element elementor-element-cf7f16d elementor-widget elementor-widget-spacer\" data-id=\"cf7f16d\" data-element_type=\"widget\" data-e-type=\"widget\" data-widget_type=\"spacer.default\">\n\t\t\t\t\t\t\t<div class=\"elementor-spacer\">\n\t\t\t<div class=\"elementor-spacer-inner\"><\/div>\n\t\t<\/div>\n\t\t\t\t\t\t<\/div>\n\t\t\t\t<div class=\"elementor-element elementor-element-1296e0d elementor-widget elementor-widget-egovenzfeaturebox\" data-id=\"1296e0d\" data-element_type=\"widget\" data-e-type=\"widget\" data-widget_type=\"egovenzfeaturebox.default\">\n\t\t\t\t<div class=\"elementor-widget-container feature-box-wrapper shortcode-rand-5 egovenz-inline-css\" data-css=\"&quot;.shortcode-rand-5.feature-box-wrapper .feature-box-inner &gt; *:nth-child(1), .shortcode-rand-5.feature-box-wrapper &gt; .media &gt; .media-body &gt; *:nth-child(1) { margin-bottom: 10px; }&quot;\">\r\n\t\t\t<div class=\"media\"><div class=\"media-icon-part\"><div class=\"feature-box-icon\"><span class=\"text-center icon-theme-color squared ti-location-pin\"><\/span><\/div><\/div><div class=\"media-body\"><div class=\"fbox-content\">Rua Guedes de Amorim, Edif\u00edcio S\u00e3o Jo\u00e3o 2 Fra\u00e7\u00e3o A <br>\n\n5050-277 peso da R\u00e9gua<\/div><\/div><!-- .media-body --><\/div><!-- .media -->\t\t<\/div>\r\n\t\t\t\t<\/div>\n\t\t\t\t<div class=\"elementor-element elementor-element-ddec590 elementor-widget-divider--view-line elementor-widget elementor-widget-divider\" data-id=\"ddec590\" data-element_type=\"widget\" data-e-type=\"widget\" data-widget_type=\"divider.default\">\n\t\t\t\t\t\t\t<div class=\"elementor-divider\">\n\t\t\t<span class=\"elementor-divider-separator\">\n\t\t\t\t\t\t<\/span>\n\t\t<\/div>\n\t\t\t\t\t\t<\/div>\n\t\t\t\t<div class=\"elementor-element elementor-element-b459261 elementor-widget elementor-widget-heading\" data-id=\"b459261\" data-element_type=\"widget\" data-e-type=\"widget\" data-widget_type=\"heading.default\">\n\t\t\t\t\t<h5 class=\"elementor-heading-title elementor-size-default\"><span data-olk-copy-source=\"MessageBody\">Delega\u00e7\u00e3o de Rio de Moinhos<\/span><br><!--EndFragment--><\/h5>\t\t\t\t<\/div>\n\t\t\t\t<div class=\"elementor-element elementor-element-5a6e0a3 elementor-widget elementor-widget-spacer\" data-id=\"5a6e0a3\" data-element_type=\"widget\" data-e-type=\"widget\" data-widget_type=\"spacer.default\">\n\t\t\t\t\t\t\t<div class=\"elementor-spacer\">\n\t\t\t<div class=\"elementor-spacer-inner\"><\/div>\n\t\t<\/div>\n\t\t\t\t\t\t<\/div>\n\t\t\t\t<div class=\"elementor-element elementor-element-be99d73 elementor-widget elementor-widget-egovenzfeaturebox\" data-id=\"be99d73\" data-element_type=\"widget\" data-e-type=\"widget\" data-widget_type=\"egovenzfeaturebox.default\">\n\t\t\t\t<div class=\"elementor-widget-container feature-box-wrapper shortcode-rand-6 egovenz-inline-css\" data-css=\"&quot;.shortcode-rand-6.feature-box-wrapper .feature-box-inner &gt; *:nth-child(1), .shortcode-rand-6.feature-box-wrapper &gt; .media &gt; .media-body &gt; *:nth-child(1) { margin-bottom: 10px; }&quot;\">\r\n\t\t\t<div class=\"media\"><div class=\"media-icon-part\"><div class=\"feature-box-icon\"><span class=\"text-center icon-theme-color squared ti-location-pin\"><\/span><\/div><\/div><div class=\"media-body\"><div class=\"fbox-content\">Rua do Souto 23<br>\n4575- 511 Rio de Moinhos<\/div><\/div><!-- .media-body --><\/div><!-- .media -->\t\t<\/div>\r\n\t\t\t\t<\/div>\n\t\t\t\t\t<\/div>\n\t\t<\/div>\n\t\t\t\t<div class=\"elementor-column elementor-col-50 elementor-top-column elementor-element elementor-element-528ca38 pl-lg-5\" data-id=\"528ca38\" data-element_type=\"column\" data-e-type=\"column\">\n\t\t\t<div class=\"elementor-widget-wrap elementor-element-populated\">\n\t\t\t\t\t\t<section class=\"elementor-section elementor-inner-section elementor-element elementor-element-8cac0f6 elementor-section-boxed elementor-section-height-default elementor-section-height-default\" data-id=\"8cac0f6\" data-element_type=\"section\" data-e-type=\"section\">\n\t\t\t\t\t\t<div class=\"elementor-container elementor-column-gap-default\">\n\t\t\t\t\t<div class=\"elementor-column elementor-col-100 elementor-inner-column elementor-element elementor-element-1f0f68d\" data-id=\"1f0f68d\" data-element_type=\"column\" data-e-type=\"column\">\n\t\t\t<div class=\"elementor-widget-wrap elementor-element-populated\">\n\t\t\t\t\t\t<div class=\"elementor-element elementor-element-69c7986 elementor-widget elementor-widget-egovenzsectiontitle\" data-id=\"69c7986\" data-element_type=\"widget\" data-e-type=\"widget\" data-widget_type=\"egovenzsectiontitle.default\">\n\t\t\t\t<div class=\"elementor-widget-container\">\n\t\t\t\t\t<div class=\"section-title-wrapper\"><div class=\"title-wrap\"><h3 class=\"section-title\">Enviar mensagem<\/h3><span class=\"title-separator separator-border theme-color-bg\"><\/span><\/div><!-- .title-wrap --><div class=\"section-description\"><\/div><!-- .section-description --><\/div><!-- .section-title-wrapper -->\t\t\t\t<\/div>\n\t\t\t\t<\/div>\n\t\t\t\t<div class=\"elementor-element elementor-element-d024f5e elementor-widget elementor-widget-contactform\" data-id=\"d024f5e\" data-element_type=\"widget\" data-e-type=\"widget\" data-widget_type=\"contactform.default\">\n\t\t\t\t<div class=\"elementor-widget-container\">\n\t\t\t\t\t<div class=\"contact-form-wrapper cf-classic-pro\"><div class=\"contact-form\">\n<div class=\"wpcf7 no-js\" id=\"wpcf7-f5451-o1\" lang=\"en-US\" dir=\"ltr\" data-wpcf7-id=\"5451\">\n<div class=\"screen-reader-response\"><p role=\"status\" aria-live=\"polite\" aria-atomic=\"true\"><\/p> <ul><\/ul><\/div>\n<form action=\"\/index.php?rest_route=%2Fwp%2Fv2%2Fpages%2F5163#wpcf7-f5451-o1\" method=\"post\" class=\"wpcf7-form init\" aria-label=\"Contact form\" novalidate=\"novalidate\" data-status=\"init\">\n<fieldset class=\"hidden-fields-container\"><input type=\"hidden\" name=\"_wpcf7\" value=\"5451\" \/><input type=\"hidden\" name=\"_wpcf7_version\" value=\"6.1.5\" \/><input type=\"hidden\" name=\"_wpcf7_locale\" value=\"en_US\" \/><input type=\"hidden\" name=\"_wpcf7_unit_tag\" value=\"wpcf7-f5451-o1\" \/><input type=\"hidden\" name=\"_wpcf7_container_post\" value=\"0\" \/><input type=\"hidden\" name=\"_wpcf7_posted_data_hash\" value=\"\" \/>\n<\/fieldset>\n<p><span class=\"wpcf7-form-control-wrap\" data-name=\"your-name\"><input size=\"40\" maxlength=\"400\" class=\"wpcf7-form-control wpcf7-text wpcf7-validates-as-required\" aria-required=\"true\" aria-invalid=\"false\" placeholder=\"Nome\" value=\"\" type=\"text\" name=\"your-name\" \/><\/span>\n<\/p>\n<p><span class=\"wpcf7-form-control-wrap\" data-name=\"your-email\"><input size=\"40\" maxlength=\"400\" class=\"wpcf7-form-control wpcf7-email wpcf7-validates-as-required wpcf7-text wpcf7-validates-as-email\" aria-required=\"true\" aria-invalid=\"false\" placeholder=\"Email\" value=\"\" type=\"email\" name=\"your-email\" \/><\/span>\n<\/p>\n<p><span class=\"wpcf7-form-control-wrap\" data-name=\"your-subject\"><input size=\"40\" maxlength=\"400\" class=\"wpcf7-form-control wpcf7-text\" aria-invalid=\"false\" placeholder=\"Assunto\" value=\"\" type=\"text\" name=\"your-subject\" \/><\/span>\n<\/p>\n<p><span class=\"wpcf7-form-control-wrap\" data-name=\"your-message\"><textarea cols=\"40\" rows=\"10\" maxlength=\"2000\" class=\"wpcf7-form-control wpcf7-textarea\" aria-invalid=\"false\" placeholder=\"Mensagem\" name=\"your-message\"><\/textarea><\/span>\n<\/p>\n<p><span class=\"submit-icon\"><input class=\"wpcf7-form-control wpcf7-submit has-spinner icon-button\" id=\"form-submit\" type=\"submit\" value=\"Enviar\" \/><\/span>\n<\/p><div class=\"wpcf7-response-output\" aria-hidden=\"true\"><\/div>\n<\/form>\n<\/div>\n<\/div><!-- .contact-form --><\/div><!-- .contact-form-wrapper -->\t\t\t\t<\/div>\n\t\t\t\t<\/div>\n\t\t\t\t\t<\/div>\n\t\t<\/div>\n\t\t\t\t\t<\/div>\n\t\t<\/section>\n\t\t\t\t\t<\/div>\n\t\t<\/div>\n\t\t\t\t\t<\/div>\n\t\t<\/section>\n\t\t<div class=\"elementor-element elementor-element-cc6c6d7 e-flex e-con-boxed e-con e-parent\" data-id=\"cc6c6d7\" data-element_type=\"container\" data-e-type=\"container\">\n\t\t\t\t\t<div class=\"e-con-inner\">\n\t\t\t\t<div class=\"elementor-element elementor-element-336e0ec elementor-widget elementor-widget-heading\" data-id=\"336e0ec\" data-element_type=\"widget\" data-e-type=\"widget\" data-widget_type=\"heading.default\">\n\t\t\t\t\t<h2 class=\"elementor-heading-title elementor-size-default\">Sede:<\/h2>\t\t\t\t<\/div>\n\t\t\t\t<div class=\"elementor-element elementor-element-8b75057 elementor-widget elementor-widget-html\" data-id=\"8b75057\" data-element_type=\"widget\" data-e-type=\"widget\" data-widget_type=\"html.default\">\n\t\t\t\t\t<div>\n    <iframe src=\"https:\/\/www.google.com\/maps\/embed?pb=!1m18!1m12!1m3!1d3572.049305489421!2d-8.61058854528949!3d41.16238533242644!2m3!1f0!2f0!3f0!3m2!1i1024!2i768!4f13.1!3m3!1m2!1s0xd246457027c4577%3A0xf0893829ec2ee31b!2sR.%20da%20Constitui%C3%A7%C3%A3o%20814%205%C2%BA%2028%2C%204200-201%20Porto!5e0!3m2!1spt-PT!2spt!4v1763985090591!5m2!1spt-PT!2spt\" width=\"600\" height=\"450\" style=\"border:0;\" allowfullscreen=\"\" loading=\"lazy\" referrerpolicy=\"no-referrer-when-downgrade\"><\/iframe>\n<\/div>\t\t\t\t<\/div>\n\t\t\t\t\t<\/div>\n\t\t\t\t<\/div>\n\t\t\t\t<\/div>\n\t\t","protected":false},"excerpt":{"rendered":"<p>Contactos Rua da Constitui\u00e7\u00e3o n.\u00ba 814 5\u00ba sl28 4200-195 Porto geral@staezn.pt +351 226 084 476 staaeznstaaezn Contactos Dirigentes susana.venancio@staezn.pt 968399835 paulo.chaves@staezn.pt 968399823 fernando.ribeiro@staezn.pt 968399745 carla.duarte@staezn.pt 924058878 paulo.lousada@staezn.pt 968399827 filomena.tavares@staezn.pt 966060448 Delega\u00e7\u00e3o de Peso da R\u00e9gua Rua Guedes de Amorim, Edif\u00edcio S\u00e3o Jo\u00e3o 2 Fra\u00e7\u00e3o A 5050-277 peso da R\u00e9gua Delega\u00e7\u00e3o de Rio de Moinhos Rua<\/p>\n","protected":false},"author":1,"featured_media":0,"parent":0,"menu_order":0,"comment_status":"closed","ping_status":"closed","template":"","meta":{"footnotes":""},"class_list":["post-5163","page","type-page","status-publish","hentry"],"_links":{"self":[{"href":"https:\/\/staezn.pt\/index.php?rest_route=\/wp\/v2\/pages\/5163","targetHints":{"allow":["GET"]}}],"collection":[{"href":"https:\/\/staezn.pt\/index.php?rest_route=\/wp\/v2\/pages"}],"about":[{"href":"https:\/\/staezn.pt\/index.php?rest_route=\/wp\/v2\/types\/page"}],"author":[{"embeddable":true,"href":"https:\/\/staezn.pt\/index.php?rest_route=\/wp\/v2\/users\/1"}],"replies":[{"embeddable":true,"href":"https:\/\/staezn.pt\/index.php?rest_route=%2Fwp%2Fv2%2Fcomments&post=5163"}],"version-history":[{"count":37,"href":"https:\/\/staezn.pt\/index.php?rest_route=\/wp\/v2\/pages\/5163\/revisions"}],"predecessor-version":[{"id":17641,"href":"https:\/\/staezn.pt\/index.php?rest_route=\/wp\/v2\/pages\/5163\/revisions\/17641"}],"wp:attachment":[{"href":"https:\/\/staezn.pt\/index.php?rest_route=%2Fwp%2Fv2%2Fmedia&parent=5163"}],"curies":[{"name":"wp","href":"https:\/\/api.w.org\/{rel}","templated":true}]}}